{"id":29,"date":"2023-09-28T13:38:27","date_gmt":"2023-09-28T13:38:27","guid":{"rendered":"https:\/\/aguaribay.edu.ar\/escuela\/?page_id=29"},"modified":"2024-04-01T14:25:30","modified_gmt":"2024-04-01T14:25:30","slug":"productivos","status":"publish","type":"page","link":"https:\/\/aguaribay.edu.ar\/escuela\/productivos\/","title":{"rendered":"Productivos"},"content":{"rendered":"\t\t<div data-elementor-type=\"wp-page\" data-elementor-id=\"29\" class=\"elementor elementor-29\" data-elementor-post-type=\"page\">\n\t\t\t\t<div class=\"elementor-element elementor-element-0cc7cbf e-flex e-con-boxed e-con e-parent\" data-id=\"0cc7cbf\" data-element_type=\"container\" data-e-type=\"container\" data-settings=\"{&quot;background_background&quot;:&quot;classic&quot;}\">\n\t\t\t\t\t<div class=\"e-con-inner\">\n\t\t<div class=\"elementor-element elementor-element-c0bc8b4 e-flex e-con-boxed e-con e-child\" data-id=\"c0bc8b4\" data-element_type=\"container\" data-e-type=\"container\">\n\t\t\t\t\t<div class=\"e-con-inner\">\n\t\t\t\t<div class=\"elementor-element elementor-element-ae5a6a0 elementor-widget elementor-widget-heading\" data-id=\"ae5a6a0\" data-element_type=\"widget\" data-e-type=\"widget\" data-widget_type=\"heading.default\">\n\t\t\t\t<div class=\"elementor-widget-container\">\n\t\t\t\t\t<h1 class=\"elementor-heading-title elementor-size-default\">Productivos<\/h1>\t\t\t\t<\/div>\n\t\t\t\t<\/div>\n\t\t\t\t\t<\/div>\n\t\t\t\t<\/div>\n\t\t\t\t\t<\/div>\n\t\t\t\t<\/div>\n\t\t<div class=\"elementor-element elementor-element-616d4ac e-flex e-con-boxed e-con e-parent\" data-id=\"616d4ac\" data-element_type=\"container\" data-e-type=\"container\">\n\t\t\t\t\t<div class=\"e-con-inner\">\n\t\t<div class=\"elementor-element elementor-element-d81e0db e-flex e-con-boxed e-con e-child\" data-id=\"d81e0db\" data-element_type=\"container\" data-e-type=\"container\">\n\t\t\t\t\t<div class=\"e-con-inner\">\n\t\t\t\t<div class=\"elementor-element elementor-element-058c55c elementor-widget elementor-widget-text-editor\" data-id=\"058c55c\" data-element_type=\"widget\" data-e-type=\"widget\" data-widget_type=\"text-editor.default\">\n\t\t\t\t<div class=\"elementor-widget-container\">\n\t\t\t\t\t\t\t\t\t<p>Los productivos aguaribe\u00f1os son emprendimientos de nuestra comunidad, trabajos que se desarrollan en equipo para generar recursos para la Escuela, en el cual las familias disponen y comparten sus dones y capacidades para este fin y se potencia en la generaci\u00f3n de un producto o servicio.<br \/><br \/>A futuro, buscamos que tambi\u00e9n pueda resultar una forma de ingreso para contribuir a las econom\u00edas familiares<\/p>\t\t\t\t\t\t\t\t<\/div>\n\t\t\t\t<\/div>\n\t\t\t\t<div class=\"elementor-element elementor-element-6f3e308 elementor-widget elementor-widget-heading\" data-id=\"6f3e308\" data-element_type=\"widget\" data-e-type=\"widget\" data-widget_type=\"heading.default\">\n\t\t\t\t<div class=\"elementor-widget-container\">\n\t\t\t\t\t<h2 class=\"elementor-heading-title elementor-size-default\">Mercadito<\/h2>\t\t\t\t<\/div>\n\t\t\t\t<\/div>\n\t\t\t\t<div class=\"elementor-element elementor-element-fd3ff01 elementor-widget elementor-widget-text-editor\" data-id=\"fd3ff01\" data-element_type=\"widget\" data-e-type=\"widget\" data-widget_type=\"text-editor.default\">\n\t\t\t\t<div class=\"elementor-widget-container\">\n\t\t\t\t\t\t\t\t\t<p>\u00abEl Mercadito\u00bb es un espacio dentro de nuestra Escuela, desde donde hacemos llegar a la comunidad productos hechos por las familias con mucho amor.<\/p><p>Productos como salsa de tomates, chucrut, blend de t\u00e9s y yerbas, miel, harina de centeno agroecol\u00f3gica molida en molino de piedra, morteros de piedra artesanales, juguetes infantiles de materiales nobles, panes dulces, huevos de finca, cajas navide\u00f1as, etc son elaborados, y fraccionados con mucho amor y est\u00e1n disponibles.<\/p><p>El Mercadito es gestionado tambi\u00e9n por madres y padres para ser puente entre los productos y las personas que los consumen.<\/p><p>Algunos de estos productos ya forman parte de otras redes de comercializaci\u00f3n basadas en comercio justo, como otra v\u00eda de hacer llegar el amor aguaribe\u00f1o m\u00e1s all\u00e1 de las familias de la Comunidad.<\/p>\t\t\t\t\t\t\t\t<\/div>\n\t\t\t\t<\/div>\n\t\t\t\t\t<\/div>\n\t\t\t\t<\/div>\n\t\t\t\t\t<\/div>\n\t\t\t\t<\/div>\n\t\t<div class=\"elementor-element elementor-element-906eead elementor-hidden-mobile e-flex e-con-boxed e-con e-parent\" data-id=\"906eead\" data-element_type=\"container\" data-e-type=\"container\">\n\t\t\t\t\t<div class=\"e-con-inner\">\n\t\t\t\t<div class=\"elementor-element elementor-element-35e8f8c elementor-fixed elementor-hidden-tablet elementor-hidden-mobile elementor-view-default elementor-widget elementor-widget-icon\" data-id=\"35e8f8c\" data-element_type=\"widget\" data-e-type=\"widget\" data-settings=\"{&quot;_position&quot;:&quot;fixed&quot;}\" data-widget_type=\"icon.default\">\n\t\t\t\t<div class=\"elementor-widget-container\">\n\t\t\t\t\t\t\t<div class=\"elementor-icon-wrapper\">\n\t\t\t<a class=\"elementor-icon\" href=\"https:\/\/aguaribay.edu.ar\/escuela\/#up\">\n\t\t\t<i aria-hidden=\"true\" class=\"fas fa-angle-up\"><\/i>\t\t\t<\/a>\n\t\t<\/div>\n\t\t\t\t\t\t<\/div>\n\t\t\t\t<\/div>\n\t\t\t\t\t<\/div>\n\t\t\t\t<\/div>\n\t\t\t\t<\/div>\n\t\t","protected":false},"excerpt":{"rendered":"<p>Productivos Los productivos aguaribe\u00f1os son emprendimientos de nuestra comunidad, trabajos que se desarrollan en equipo para generar recursos para la Escuela, en el cual las familias disponen y comparten sus dones y capacidades para este fin y se potencia en la generaci\u00f3n de un producto o servicio. A futuro, buscamos que tambi\u00e9n pueda resultar una [&hellip;]<\/p>\n","protected":false},"author":2,"featured_media":0,"parent":0,"menu_order":0,"comment_status":"closed","ping_status":"closed","template":"","meta":{"_acf_changed":false,"footnotes":""},"class_list":["post-29","page","type-page","status-publish","hentry"],"acf":[],"yoast_head":"<!-- This site is optimized with the Yoast SEO plugin v27.0 - https:\/\/yoast.com\/product\/yoast-seo-wordpress\/ -->\n<title>Productivos - Escuela Aguaribay<\/title>\n<meta name=\"robots\" content=\"index, follow, max-snippet:-1, max-image-preview:large, max-video-preview:-1\" \/>\n<link rel=\"canonical\" href=\"https:\/\/aguaribay.edu.ar\/escuela\/productivos\/\" \/>\n<meta property=\"og:locale\" content=\"es_ES\" \/>\n<meta property=\"og:type\" content=\"article\" \/>\n<meta property=\"og:title\" content=\"Productivos - Escuela Aguaribay\" \/>\n<meta property=\"og:description\" content=\"Productivos Los productivos aguaribe\u00f1os son emprendimientos de nuestra comunidad, trabajos que se desarrollan en equipo para generar recursos para la Escuela, en el cual las familias disponen y comparten sus dones y capacidades para este fin y se potencia en la generaci\u00f3n de un producto o servicio. A futuro, buscamos que tambi\u00e9n pueda resultar una [&hellip;]\" \/>\n<meta property=\"og:url\" content=\"https:\/\/aguaribay.edu.ar\/escuela\/productivos\/\" \/>\n<meta property=\"og:site_name\" content=\"Escuela Aguaribay\" \/>\n<meta property=\"article:modified_time\" content=\"2024-04-01T14:25:30+00:00\" \/>\n<meta name=\"twitter:card\" content=\"summary_large_image\" \/>\n<meta name=\"twitter:label1\" content=\"Tiempo de lectura\" \/>\n\t<meta name=\"twitter:data1\" content=\"1 minuto\" \/>\n<script type=\"application\/ld+json\" class=\"yoast-schema-graph\">{\"@context\":\"https:\/\/schema.org\",\"@graph\":[{\"@type\":\"WebPage\",\"@id\":\"https:\/\/aguaribay.edu.ar\/escuela\/productivos\/\",\"url\":\"https:\/\/aguaribay.edu.ar\/escuela\/productivos\/\",\"name\":\"Productivos - Escuela Aguaribay\",\"isPartOf\":{\"@id\":\"https:\/\/aguaribay.edu.ar\/escuela\/#website\"},\"datePublished\":\"2023-09-28T13:38:27+00:00\",\"dateModified\":\"2024-04-01T14:25:30+00:00\",\"inLanguage\":\"es\",\"potentialAction\":[{\"@type\":\"ReadAction\",\"target\":[\"https:\/\/aguaribay.edu.ar\/escuela\/productivos\/\"]}]},{\"@type\":\"WebSite\",\"@id\":\"https:\/\/aguaribay.edu.ar\/escuela\/#website\",\"url\":\"https:\/\/aguaribay.edu.ar\/escuela\/\",\"name\":\"Escuela Aguaribay\",\"description\":\"Sitio institucional Escuela Aguaribay\",\"publisher\":{\"@id\":\"https:\/\/aguaribay.edu.ar\/escuela\/#organization\"},\"potentialAction\":[{\"@type\":\"SearchAction\",\"target\":{\"@type\":\"EntryPoint\",\"urlTemplate\":\"https:\/\/aguaribay.edu.ar\/escuela\/?s={search_term_string}\"},\"query-input\":{\"@type\":\"PropertyValueSpecification\",\"valueRequired\":true,\"valueName\":\"search_term_string\"}}],\"inLanguage\":\"es\"},{\"@type\":\"Organization\",\"@id\":\"https:\/\/aguaribay.edu.ar\/escuela\/#organization\",\"name\":\"Escuela Aguaribay\",\"url\":\"https:\/\/aguaribay.edu.ar\/escuela\/\",\"logo\":{\"@type\":\"ImageObject\",\"inLanguage\":\"es\",\"@id\":\"https:\/\/aguaribay.edu.ar\/escuela\/#\/schema\/logo\/image\/\",\"url\":\"https:\/\/aguaribay.edu.ar\/escuela\/wp-content\/uploads\/2023\/09\/Logo-aguaribay.png\",\"contentUrl\":\"https:\/\/aguaribay.edu.ar\/escuela\/wp-content\/uploads\/2023\/09\/Logo-aguaribay.png\",\"width\":500,\"height\":500,\"caption\":\"Escuela Aguaribay\"},\"image\":{\"@id\":\"https:\/\/aguaribay.edu.ar\/escuela\/#\/schema\/logo\/image\/\"},\"sameAs\":[\"https:\/\/www.instagram.com\/escuela_aguaribay\/?hl=es-la\"]}]}<\/script>\n<!-- \/ Yoast SEO plugin. -->","yoast_head_json":{"title":"Productivos - Escuela Aguaribay","robots":{"index":"index","follow":"follow","max-snippet":"max-snippet:-1","max-image-preview":"max-image-preview:large","max-video-preview":"max-video-preview:-1"},"canonical":"https:\/\/aguaribay.edu.ar\/escuela\/productivos\/","og_locale":"es_ES","og_type":"article","og_title":"Productivos - Escuela Aguaribay","og_description":"Productivos Los productivos aguaribe\u00f1os son emprendimientos de nuestra comunidad, trabajos que se desarrollan en equipo para generar recursos para la Escuela, en el cual las familias disponen y comparten sus dones y capacidades para este fin y se potencia en la generaci\u00f3n de un producto o servicio. A futuro, buscamos que tambi\u00e9n pueda resultar una [&hellip;]","og_url":"https:\/\/aguaribay.edu.ar\/escuela\/productivos\/","og_site_name":"Escuela Aguaribay","article_modified_time":"2024-04-01T14:25:30+00:00","twitter_card":"summary_large_image","twitter_misc":{"Tiempo de lectura":"1 minuto"},"schema":{"@context":"https:\/\/schema.org","@graph":[{"@type":"WebPage","@id":"https:\/\/aguaribay.edu.ar\/escuela\/productivos\/","url":"https:\/\/aguaribay.edu.ar\/escuela\/productivos\/","name":"Productivos - Escuela Aguaribay","isPartOf":{"@id":"https:\/\/aguaribay.edu.ar\/escuela\/#website"},"datePublished":"2023-09-28T13:38:27+00:00","dateModified":"2024-04-01T14:25:30+00:00","inLanguage":"es","potentialAction":[{"@type":"ReadAction","target":["https:\/\/aguaribay.edu.ar\/escuela\/productivos\/"]}]},{"@type":"WebSite","@id":"https:\/\/aguaribay.edu.ar\/escuela\/#website","url":"https:\/\/aguaribay.edu.ar\/escuela\/","name":"Escuela Aguaribay","description":"Sitio institucional Escuela Aguaribay","publisher":{"@id":"https:\/\/aguaribay.edu.ar\/escuela\/#organization"},"potentialAction":[{"@type":"SearchAction","target":{"@type":"EntryPoint","urlTemplate":"https:\/\/aguaribay.edu.ar\/escuela\/?s={search_term_string}"},"query-input":{"@type":"PropertyValueSpecification","valueRequired":true,"valueName":"search_term_string"}}],"inLanguage":"es"},{"@type":"Organization","@id":"https:\/\/aguaribay.edu.ar\/escuela\/#organization","name":"Escuela Aguaribay","url":"https:\/\/aguaribay.edu.ar\/escuela\/","logo":{"@type":"ImageObject","inLanguage":"es","@id":"https:\/\/aguaribay.edu.ar\/escuela\/#\/schema\/logo\/image\/","url":"https:\/\/aguaribay.edu.ar\/escuela\/wp-content\/uploads\/2023\/09\/Logo-aguaribay.png","contentUrl":"https:\/\/aguaribay.edu.ar\/escuela\/wp-content\/uploads\/2023\/09\/Logo-aguaribay.png","width":500,"height":500,"caption":"Escuela Aguaribay"},"image":{"@id":"https:\/\/aguaribay.edu.ar\/escuela\/#\/schema\/logo\/image\/"},"sameAs":["https:\/\/www.instagram.com\/escuela_aguaribay\/?hl=es-la"]}]}},"_links":{"self":[{"href":"https:\/\/aguaribay.edu.ar\/escuela\/wp-json\/wp\/v2\/pages\/29","targetHints":{"allow":["GET"]}}],"collection":[{"href":"https:\/\/aguaribay.edu.ar\/escuela\/wp-json\/wp\/v2\/pages"}],"about":[{"href":"https:\/\/aguaribay.edu.ar\/escuela\/wp-json\/wp\/v2\/types\/page"}],"author":[{"embeddable":true,"href":"https:\/\/aguaribay.edu.ar\/escuela\/wp-json\/wp\/v2\/users\/2"}],"replies":[{"embeddable":true,"href":"https:\/\/aguaribay.edu.ar\/escuela\/wp-json\/wp\/v2\/comments?post=29"}],"version-history":[{"count":3,"href":"https:\/\/aguaribay.edu.ar\/escuela\/wp-json\/wp\/v2\/pages\/29\/revisions"}],"predecessor-version":[{"id":653,"href":"https:\/\/aguaribay.edu.ar\/escuela\/wp-json\/wp\/v2\/pages\/29\/revisions\/653"}],"wp:attachment":[{"href":"https:\/\/aguaribay.edu.ar\/escuela\/wp-json\/wp\/v2\/media?parent=29"}],"curies":[{"name":"wp","href":"https:\/\/api.w.org\/{rel}","templated":true}]}}